{"id":7,"date":"2026-02-11T13:27:56","date_gmt":"2026-02-11T12:27:56","guid":{"rendered":"http:\/\/oblicztosam.pl\/?page_id=7"},"modified":"2026-02-12T08:01:00","modified_gmt":"2026-02-12T07:01:00","slug":"strona-glowna","status":"publish","type":"page","link":"https:\/\/oblicztosam.pl\/","title":{"rendered":""},"content":{"rendered":"\n<div class=\"wp-block-group\"><div class=\"wp-block-group__inner-container is-layout-constrained wp-block-group-is-layout-constrained\">\n<h1 class=\"wp-block-heading alignfull has-text-align-center\">Oblicz to sam<\/h1>\n\n\n\n<h3 class=\"wp-block-heading has-text-align-center\">Przygotowanie do matury z matematyki &#8211; poziom podstawowy<\/h3>\n\n\n\n<p class=\"has-text-align-center has-medium-font-size\">Codziennie publikuj\u0119 zadania maturalne z matematyki \u2014 zgodne z informatorem CKE.<br>Kr\u00f3tkie wyja\u015bnienia, konkretne przyk\u0142ady i quizy, kt\u00f3re sprawdzaj\u0105 Twoje post\u0119py.<\/p>\n\n\n<style>.wp-block-kadence-advancedbtn.kb-btns7_55a70f-eb{gap:var(--global-kb-gap-xs, 0.5rem );justify-content:center;align-items:center;}.kt-btns7_55a70f-eb .kt-button{font-weight:normal;font-style:normal;}.kt-btns7_55a70f-eb .kt-btn-wrap-0{margin-right:5px;}.wp-block-kadence-advancedbtn.kt-btns7_55a70f-eb .kt-btn-wrap-0 .kt-button{color:#555555;border-color:#555555;}.wp-block-kadence-advancedbtn.kt-btns7_55a70f-eb .kt-btn-wrap-0 .kt-button:hover, .wp-block-kadence-advancedbtn.kt-btns7_55a70f-eb .kt-btn-wrap-0 .kt-button:focus{color:#ffffff;border-color:#444444;}.wp-block-kadence-advancedbtn.kt-btns7_55a70f-eb .kt-btn-wrap-0 .kt-button::before{display:none;}.wp-block-kadence-advancedbtn.kt-btns7_55a70f-eb .kt-btn-wrap-0 .kt-button:hover, .wp-block-kadence-advancedbtn.kt-btns7_55a70f-eb .kt-btn-wrap-0 .kt-button:focus{background:#444444;}<\/style>\n<div class=\"wp-block-kadence-advancedbtn kb-buttons-wrap kb-btns7_55a70f-eb\"><style>ul.menu .wp-block-kadence-advancedbtn .kb-btn7_fc9eed-70.kb-button{width:initial;}.wp-block-kadence-advancedbtn .kb-btn7_fc9eed-70.kb-button{border-top-left-radius:16px;border-top-right-radius:16px;border-bottom-right-radius:16px;border-bottom-left-radius:16px;box-shadow:0px 0px 15px 0px rgba(0, 0, 0, 0.2);}<\/style><span class=\"kb-button kt-button button kb-btn7_fc9eed-70 kt-btn-size-standard kt-btn-width-type-auto kb-btn-global-fill  kt-btn-has-text-true kt-btn-has-svg-false  wp-block-kadence-singlebtn\"><span class=\"kt-btn-inner-text\">Zacznij rozwi\u0105zywa\u0107 zadania<\/span><\/span><\/div>\n<\/div><\/div>\n\n\n\n<hr class=\"wp-block-separator aligncenter has-text-color has-alpha-channel-opacity has-background is-style-default\" style=\"background-color:#e5e7eb;color:#e5e7eb\"\/>\n\n\n\n<p class=\"has-text-align-center has-theme-palette-5-color has-text-color has-link-color wp-elements-853ba7608e5bd04b3efd1aeeb95a47cf\" style=\"margin-top:20px;margin-bottom:20px;font-size:17px\">Ucz si\u0119 systematycznie, ma\u0142ymi krokami<\/p>\n\n\n\n<div class=\"wp-block-group\"><div class=\"wp-block-group__inner-container is-layout-constrained wp-block-group-is-layout-constrained\">\n<h2 class=\"wp-block-heading\"><\/h2>\n\n\n\n<div style=\"height:60px\" aria-hidden=\"true\" class=\"wp-block-spacer\"><\/div>\n<\/div><\/div>\n\n\n\n<div class=\"wp-block-group\"><div class=\"wp-block-group__inner-container is-layout-constrained wp-block-group-is-layout-constrained\">\n<h2 class=\"wp-block-heading has-text-align-center has-background\" style=\"border-radius:0px;background-color:#f7f9fc;margin-top:0;margin-bottom:0\">Jak to dzia\u0142a?<\/h2>\n\n\n\n<div style=\"height:20px\" aria-hidden=\"true\" class=\"wp-block-spacer\"><\/div>\n\n\n<style>.kb-row-layout-id7_7fee0a-a4 > .kt-row-column-wrap{align-content:start;}:where(.kb-row-layout-id7_7fee0a-a4 > .kt-row-column-wrap) > .wp-block-kadence-column{justify-content:start;}.kb-row-layout-id7_7fee0a-a4 > .kt-row-column-wrap{column-gap:32px;max-width:var( --global-content-width, 1290px );padding-left:var(--global-content-edge-padding);padding-right:var(--global-content-edge-padding);padding-top:var(--global-kb-spacing-sm, 1.5rem);padding-bottom:var(--global-kb-spacing-sm, 1.5rem);}.kb-row-layout-id7_7fee0a-a4 > .kt-row-column-wrap > div:not(.added-for-specificity){grid-column:initial;}.kb-row-layout-id7_7fee0a-a4 > .kt-row-column-wrap{grid-template-columns:repeat(3, minmax(0, 1fr));}.kb-row-layout-id7_7fee0a-a4{border-top-left-radius:16px;border-top-right-radius:16px;border-bottom-right-radius:16px;border-bottom-left-radius:16px;overflow:clip;isolation:isolate;}.kb-row-layout-id7_7fee0a-a4 > .kt-row-layout-overlay{border-top-left-radius:16px;border-top-right-radius:16px;border-bottom-right-radius:16px;border-bottom-left-radius:16px;}.kb-row-layout-id7_7fee0a-a4 > .kt-row-layout-overlay{opacity:0.30;}@media all and (max-width: 1024px){.kb-row-layout-id7_7fee0a-a4 > .kt-row-column-wrap > div:not(.added-for-specificity){grid-column:initial;}}@media all and (max-width: 1024px){.kb-row-layout-id7_7fee0a-a4 > .kt-row-column-wrap{grid-template-columns:repeat(3, minmax(0, 1fr));}}@media all and (max-width: 767px){.kb-row-layout-id7_7fee0a-a4 > .kt-row-column-wrap > div:not(.added-for-specificity){grid-column:initial;}.kb-row-layout-id7_7fee0a-a4 > .kt-row-column-wrap{grid-template-columns:minmax(0, 1fr);}}<\/style><div class=\"kb-row-layout-wrap kb-row-layout-id7_7fee0a-a4 alignnone wp-block-kadence-rowlayout\"><div class=\"kt-row-column-wrap kt-has-3-columns kt-row-layout-equal kt-tab-layout-inherit kt-mobile-layout-row kt-row-valign-top kb-theme-content-width\">\n<style>.kadence-column7_fe4cfe-41 > .kt-inside-inner-col{box-shadow:0px 0px 14px 0px rgba(0, 0, 0, 0.2);}.kadence-column7_fe4cfe-41 > .kt-inside-inner-col,.kadence-column7_fe4cfe-41 > .kt-inside-inner-col:before{border-top-left-radius:16px;border-top-right-radius:16px;border-bottom-right-radius:16px;border-bottom-left-radius:16px;}.kadence-column7_fe4cfe-41 > .kt-inside-inner-col{column-gap:var(--global-kb-gap-sm, 1rem);}.kadence-column7_fe4cfe-41 > .kt-inside-inner-col{flex-direction:column;}.kadence-column7_fe4cfe-41 > .kt-inside-inner-col > .aligncenter{width:100%;}.kadence-column7_fe4cfe-41 > .kt-inside-inner-col:before{opacity:0.3;}.kadence-column7_fe4cfe-41{position:relative;}@media all and (max-width: 1024px){.kadence-column7_fe4cfe-41 > .kt-inside-inner-col{flex-direction:column;justify-content:center;}}@media all and (max-width: 767px){.kadence-column7_fe4cfe-41 > .kt-inside-inner-col{flex-direction:column;justify-content:center;}}<\/style>\n<div class=\"wp-block-kadence-column kadence-column7_fe4cfe-41\"><div class=\"kt-inside-inner-col\"><div class=\"wp-block-image\">\n<figure class=\"aligncenter is-resized\"><img loading=\"lazy\" decoding=\"async\" width=\"392\" height=\"310\" src=\"http:\/\/oblicztosam.pl\/wp-content\/uploads\/2026\/02\/ChatGPT-Image-11-lut-2026-14_12_00-e1770815784242.png\" alt=\"\" class=\"wp-image-20\" style=\"width:68px\" srcset=\"https:\/\/oblicztosam.pl\/wp-content\/uploads\/2026\/02\/ChatGPT-Image-11-lut-2026-14_12_00-e1770815784242.png 392w, https:\/\/oblicztosam.pl\/wp-content\/uploads\/2026\/02\/ChatGPT-Image-11-lut-2026-14_12_00-e1770815784242-300x237.png 300w\" sizes=\"auto, (max-width: 392px) 100vw, 392px\" \/><\/figure>\n<\/div>\n\n\n<h3 class=\"wp-block-heading has-text-align-center has-theme-palette-1-color has-text-color has-link-color wp-elements-35d3c580d36fd27fcc19978cda03f173\" style=\"margin-top:var(--wp--preset--spacing--30);margin-right:var(--wp--preset--spacing--50);margin-bottom:var(--wp--preset--spacing--30);margin-left:var(--wp--preset--spacing--50)\">Wybierz dzia\u0142<\/h3>\n\n\n\n<p class=\"has-text-align-center\" style=\"margin-top:var(--wp--preset--spacing--50);margin-right:var(--wp--preset--spacing--50);margin-bottom:var(--wp--preset--spacing--50);margin-left:var(--wp--preset--spacing--50)\">Liczby, funkcje, geometria i inne zgodnie z wytycznymi CKE<\/p>\n<\/div><\/div>\n\n\n<style>.kadence-column7_af6573-35 > .kt-inside-inner-col{display:flex;}.kadence-column7_af6573-35 > .kt-inside-inner-col{box-shadow:0px 0px 14px 0px rgba(0, 0, 0, 0.2);}.kadence-column7_af6573-35 > .kt-inside-inner-col,.kadence-column7_af6573-35 > .kt-inside-inner-col:before{border-top-left-radius:16px;border-top-right-radius:16px;border-bottom-right-radius:16px;border-bottom-left-radius:16px;}.kadence-column7_af6573-35 > .kt-inside-inner-col{column-gap:var(--global-kb-gap-sm, 1rem);}.kadence-column7_af6573-35 > .kt-inside-inner-col{flex-direction:column;justify-content:stretch;}.kadence-column7_af6573-35 > .kt-inside-inner-col > .aligncenter{width:100%;}.kt-row-column-wrap > .kadence-column7_af6573-35{align-self:center;}.kt-inner-column-height-full:not(.kt-has-1-columns) > .wp-block-kadence-column.kadence-column7_af6573-35{align-self:auto;}.kt-inner-column-height-full:not(.kt-has-1-columns) > .wp-block-kadence-column.kadence-column7_af6573-35 > .kt-inside-inner-col{flex-direction:column;justify-content:stretch;}.kadence-column7_af6573-35 > .kt-inside-inner-col:before{opacity:0.3;}.kadence-column7_af6573-35{position:relative;}@media all and (max-width: 1024px){.kt-row-column-wrap > .kadence-column7_af6573-35{align-self:center;}}@media all and (max-width: 1024px){.kt-inner-column-height-full:not(.kt-has-1-columns) > .wp-block-kadence-column.kadence-column7_af6573-35{align-self:auto;}}@media all and (max-width: 1024px){.kt-inner-column-height-full:not(.kt-has-1-columns) > .wp-block-kadence-column.kadence-column7_af6573-35 > .kt-inside-inner-col{flex-direction:column;justify-content:stretch;}}@media all and (max-width: 1024px){.kadence-column7_af6573-35 > .kt-inside-inner-col{flex-direction:column;justify-content:stretch;}}@media all and (max-width: 767px){.kt-row-column-wrap > .kadence-column7_af6573-35{align-self:center;}.kt-inner-column-height-full:not(.kt-has-1-columns) > .wp-block-kadence-column.kadence-column7_af6573-35{align-self:auto;}.kt-inner-column-height-full:not(.kt-has-1-columns) > .wp-block-kadence-column.kadence-column7_af6573-35 > .kt-inside-inner-col{flex-direction:column;justify-content:stretch;}.kadence-column7_af6573-35 > .kt-inside-inner-col{flex-direction:column;justify-content:stretch;}}<\/style>\n<div class=\"wp-block-kadence-column kadence-column7_af6573-35\"><div class=\"kt-inside-inner-col\"><div class=\"wp-block-image\">\n<figure class=\"aligncenter is-resized\"><img loading=\"lazy\" decoding=\"async\" width=\"376\" height=\"305\" src=\"http:\/\/oblicztosam.pl\/wp-content\/uploads\/2026\/02\/ChatGPT-Image-11-lut-2026-14_12_00-1-e1770815948961.png\" alt=\"\" class=\"wp-image-22\" style=\"width:68px\" srcset=\"https:\/\/oblicztosam.pl\/wp-content\/uploads\/2026\/02\/ChatGPT-Image-11-lut-2026-14_12_00-1-e1770815948961.png 376w, https:\/\/oblicztosam.pl\/wp-content\/uploads\/2026\/02\/ChatGPT-Image-11-lut-2026-14_12_00-1-e1770815948961-300x243.png 300w\" sizes=\"auto, (max-width: 376px) 100vw, 376px\" \/><\/figure>\n<\/div>\n\n\n<h3 class=\"wp-block-heading has-text-align-center has-theme-palette-1-color has-text-color has-link-color wp-elements-ba8374dc08e153c4607359646369fa36\" style=\"margin-top:var(--wp--preset--spacing--30);margin-right:var(--wp--preset--spacing--50);margin-bottom:var(--wp--preset--spacing--30);margin-left:var(--wp--preset--spacing--50)\">Rozwi\u0105zuj zadania<\/h3>\n\n\n\n<p class=\"has-text-align-center\" style=\"margin-top:var(--wp--preset--spacing--50);margin-right:var(--wp--preset--spacing--50);margin-bottom:var(--wp--preset--spacing--50);margin-left:var(--wp--preset--spacing--50)\">Zadania krok po kroku z wyja\u015bnieniem<\/p>\n<\/div><\/div>\n\n\n<style>.kadence-column7_36f7cb-da > .kt-inside-inner-col{display:flex;}.kadence-column7_36f7cb-da > .kt-inside-inner-col{box-shadow:0px 0px 14px 0px rgba(0, 0, 0, 0.2);}.kadence-column7_36f7cb-da > .kt-inside-inner-col,.kadence-column7_36f7cb-da > .kt-inside-inner-col:before{border-top-left-radius:16px;border-top-right-radius:16px;border-bottom-right-radius:16px;border-bottom-left-radius:16px;}.kadence-column7_36f7cb-da > .kt-inside-inner-col{column-gap:var(--global-kb-gap-sm, 1rem);}.kadence-column7_36f7cb-da > .kt-inside-inner-col{flex-direction:column;justify-content:stretch;}.kadence-column7_36f7cb-da > .kt-inside-inner-col > .aligncenter{width:100%;}.kt-row-column-wrap > .kadence-column7_36f7cb-da{align-self:center;}.kt-inner-column-height-full:not(.kt-has-1-columns) > .wp-block-kadence-column.kadence-column7_36f7cb-da{align-self:auto;}.kt-inner-column-height-full:not(.kt-has-1-columns) > .wp-block-kadence-column.kadence-column7_36f7cb-da > .kt-inside-inner-col{flex-direction:column;justify-content:stretch;}.kadence-column7_36f7cb-da > .kt-inside-inner-col:before{opacity:0.3;}.kadence-column7_36f7cb-da{position:relative;}@media all and (max-width: 1024px){.kt-row-column-wrap > .kadence-column7_36f7cb-da{align-self:center;}}@media all and (max-width: 1024px){.kt-inner-column-height-full:not(.kt-has-1-columns) > .wp-block-kadence-column.kadence-column7_36f7cb-da{align-self:auto;}}@media all and (max-width: 1024px){.kt-inner-column-height-full:not(.kt-has-1-columns) > .wp-block-kadence-column.kadence-column7_36f7cb-da > .kt-inside-inner-col{flex-direction:column;justify-content:stretch;}}@media all and (max-width: 1024px){.kadence-column7_36f7cb-da > .kt-inside-inner-col{flex-direction:column;justify-content:stretch;}}@media all and (max-width: 767px){.kt-row-column-wrap > .kadence-column7_36f7cb-da{align-self:center;}.kt-inner-column-height-full:not(.kt-has-1-columns) > .wp-block-kadence-column.kadence-column7_36f7cb-da{align-self:auto;}.kt-inner-column-height-full:not(.kt-has-1-columns) > .wp-block-kadence-column.kadence-column7_36f7cb-da > .kt-inside-inner-col{flex-direction:column;justify-content:stretch;}.kadence-column7_36f7cb-da > .kt-inside-inner-col{flex-direction:column;justify-content:stretch;}}<\/style>\n<div class=\"wp-block-kadence-column kadence-column7_36f7cb-da\"><div class=\"kt-inside-inner-col\"><div class=\"wp-block-image\">\n<figure class=\"aligncenter is-resized\"><img loading=\"lazy\" decoding=\"async\" width=\"417\" height=\"315\" src=\"http:\/\/oblicztosam.pl\/wp-content\/uploads\/2026\/02\/ChatGPT-Image-11-lut-2026-14_12_00-2-e1770816015874.png\" alt=\"\" class=\"wp-image-23\" style=\"width:68px\" srcset=\"https:\/\/oblicztosam.pl\/wp-content\/uploads\/2026\/02\/ChatGPT-Image-11-lut-2026-14_12_00-2-e1770816015874.png 417w, https:\/\/oblicztosam.pl\/wp-content\/uploads\/2026\/02\/ChatGPT-Image-11-lut-2026-14_12_00-2-e1770816015874-300x227.png 300w\" sizes=\"auto, (max-width: 417px) 100vw, 417px\" \/><\/figure>\n<\/div>\n\n\n<h3 class=\"wp-block-heading has-text-align-center has-theme-palette-1-color has-text-color has-link-color wp-elements-9dfee1b52416aaae9c4530dc8b448c94\" style=\"margin-top:var(--wp--preset--spacing--30);margin-right:var(--wp--preset--spacing--50);margin-bottom:var(--wp--preset--spacing--30);margin-left:var(--wp--preset--spacing--50)\">Sprawd\u017a si\u0119 w quizach<\/h3>\n\n\n\n<p class=\"has-text-align-center\" style=\"margin-top:var(--wp--preset--spacing--50);margin-right:var(--wp--preset--spacing--50);margin-bottom:var(--wp--preset--spacing--50);margin-left:var(--wp--preset--spacing--50)\">R\u00f3\u017cne warianty zada\u0144 maturalnych<\/p>\n<\/div><\/div>\n\n<\/div><\/div>\n\n\n<div class=\"wp-block-group\" style=\"margin-top:var(--wp--preset--spacing--50);margin-bottom:var(--wp--preset--spacing--50);padding-top:40px;padding-bottom:40px\"><div class=\"wp-block-group__inner-container is-layout-constrained wp-block-group-is-layout-constrained\">\n<h2 class=\"wp-block-heading has-text-align-center\">Ucz si\u0119 razem ze mn\u0105<\/h2>\n\n\n\n<p class=\"has-text-align-center\">Codziennie nowe zadania, szybkie tipy i wyja\u015bnienia.<br>Wybierz platform\u0119, kt\u00f3ra jest dla Ciebie najwygodniejsza.<\/p>\n\n\n\n<ul class=\"wp-block-social-links has-normal-icon-size is-style-pill-shape is-content-justification-center is-layout-flex wp-container-core-social-links-is-layout-06b9ac4a wp-block-social-links-is-layout-flex\" style=\"margin-right:0;margin-left:0\"><li class=\"wp-social-link wp-social-link-instagram  wp-block-social-link\"><a href=\"https:\/\/www.instagram.com\/oblicztosam?igsh=enhoemljMjF5d2hs&#038;utm_source=qrhttps:\/\/www.instagram.com\/oblicztosam?igsh=enhoemljMjF5d2hs&#038;utm_source=qr\" class=\"wp-block-social-link-anchor\"><svg width=\"24\" height=\"24\" viewBox=\"0 0 24 24\" version=\"1.1\" xmlns=\"http:\/\/www.w3.org\/2000\/svg\" aria-hidden=\"true\" focusable=\"false\"><path d=\"M12,4.622c2.403,0,2.688,0.009,3.637,0.052c0.877,0.04,1.354,0.187,1.671,0.31c0.42,0.163,0.72,0.358,1.035,0.673 c0.315,0.315,0.51,0.615,0.673,1.035c0.123,0.317,0.27,0.794,0.31,1.671c0.043,0.949,0.052,1.234,0.052,3.637 s-0.009,2.688-0.052,3.637c-0.04,0.877-0.187,1.354-0.31,1.671c-0.163,0.42-0.358,0.72-0.673,1.035 c-0.315,0.315-0.615,0.51-1.035,0.673c-0.317,0.123-0.794,0.27-1.671,0.31c-0.949,0.043-1.233,0.052-3.637,0.052 s-2.688-0.009-3.637-0.052c-0.877-0.04-1.354-0.187-1.671-0.31c-0.42-0.163-0.72-0.358-1.035-0.673 c-0.315-0.315-0.51-0.615-0.673-1.035c-0.123-0.317-0.27-0.794-0.31-1.671C4.631,14.688,4.622,14.403,4.622,12 s0.009-2.688,0.052-3.637c0.04-0.877,0.187-1.354,0.31-1.671c0.163-0.42,0.358-0.72,0.673-1.035 c0.315-0.315,0.615-0.51,1.035-0.673c0.317-0.123,0.794-0.27,1.671-0.31C9.312,4.631,9.597,4.622,12,4.622 M12,3 C9.556,3,9.249,3.01,8.289,3.054C7.331,3.098,6.677,3.25,6.105,3.472C5.513,3.702,5.011,4.01,4.511,4.511 c-0.5,0.5-0.808,1.002-1.038,1.594C3.25,6.677,3.098,7.331,3.054,8.289C3.01,9.249,3,9.556,3,12c0,2.444,0.01,2.751,0.054,3.711 c0.044,0.958,0.196,1.612,0.418,2.185c0.23,0.592,0.538,1.094,1.038,1.594c0.5,0.5,1.002,0.808,1.594,1.038 c0.572,0.222,1.227,0.375,2.185,0.418C9.249,20.99,9.556,21,12,21s2.751-0.01,3.711-0.054c0.958-0.044,1.612-0.196,2.185-0.418 c0.592-0.23,1.094-0.538,1.594-1.038c0.5-0.5,0.808-1.002,1.038-1.594c0.222-0.572,0.375-1.227,0.418-2.185 C20.99,14.751,21,14.444,21,12s-0.01-2.751-0.054-3.711c-0.044-0.958-0.196-1.612-0.418-2.185c-0.23-0.592-0.538-1.094-1.038-1.594 c-0.5-0.5-1.002-0.808-1.594-1.038c-0.572-0.222-1.227-0.375-2.185-0.418C14.751,3.01,14.444,3,12,3L12,3z M12,7.378 c-2.552,0-4.622,2.069-4.622,4.622S9.448,16.622,12,16.622s4.622-2.069,4.622-4.622S14.552,7.378,12,7.378z M12,15 c-1.657,0-3-1.343-3-3s1.343-3,3-3s3,1.343,3,3S13.657,15,12,15z M16.804,6.116c-0.596,0-1.08,0.484-1.08,1.08 s0.484,1.08,1.08,1.08c0.596,0,1.08-0.484,1.08-1.08S17.401,6.116,16.804,6.116z\"><\/path><\/svg><span class=\"wp-block-social-link-label screen-reader-text\">Instagram<\/span><\/a><\/li>\n\n<li class=\"wp-social-link wp-social-link-tiktok  wp-block-social-link\"><a href=\"https:\/\/www.tiktok.com\/@oblicztosam.pl?_r=1&#038;_t=ZN-93qxKBzplSwhttps:\/\/www.tiktok.com\/@oblicztosam.pl?_r=1&#038;_t=ZN-93qxKBzplSw\" class=\"wp-block-social-link-anchor\"><svg width=\"24\" height=\"24\" viewBox=\"0 0 32 32\" version=\"1.1\" xmlns=\"http:\/\/www.w3.org\/2000\/svg\" aria-hidden=\"true\" focusable=\"false\"><path d=\"M16.708 0.027c1.745-0.027 3.48-0.011 5.213-0.027 0.105 2.041 0.839 4.12 2.333 5.563 1.491 1.479 3.6 2.156 5.652 2.385v5.369c-1.923-0.063-3.855-0.463-5.6-1.291-0.76-0.344-1.468-0.787-2.161-1.24-0.009 3.896 0.016 7.787-0.025 11.667-0.104 1.864-0.719 3.719-1.803 5.255-1.744 2.557-4.771 4.224-7.88 4.276-1.907 0.109-3.812-0.411-5.437-1.369-2.693-1.588-4.588-4.495-4.864-7.615-0.032-0.667-0.043-1.333-0.016-1.984 0.24-2.537 1.495-4.964 3.443-6.615 2.208-1.923 5.301-2.839 8.197-2.297 0.027 1.975-0.052 3.948-0.052 5.923-1.323-0.428-2.869-0.308-4.025 0.495-0.844 0.547-1.485 1.385-1.819 2.333-0.276 0.676-0.197 1.427-0.181 2.145 0.317 2.188 2.421 4.027 4.667 3.828 1.489-0.016 2.916-0.88 3.692-2.145 0.251-0.443 0.532-0.896 0.547-1.417 0.131-2.385 0.079-4.76 0.095-7.145 0.011-5.375-0.016-10.735 0.025-16.093z\" \/><\/svg><span class=\"wp-block-social-link-label screen-reader-text\">TikTok<\/span><\/a><\/li><\/ul>\n<\/div><\/div>\n<\/div><\/div>\n\n\n\n<p><\/p>\n","protected":false},"excerpt":{"rendered":"<p>Oblicz to sam Przygotowanie do matury z matematyki &#8211; poziom podstawowy Codziennie publikuj\u0119 zadania maturalne z matematyki \u2014 zgodne z informatorem CKE.Kr\u00f3tkie wyja\u015bnienia, konkretne przyk\u0142ady i quizy, kt\u00f3re sprawdzaj\u0105 Twoje post\u0119py. Ucz si\u0119 systematycznie, ma\u0142ymi krokami Jak to dzia\u0142a? Wybierz dzia\u0142 Liczby, funkcje, geometria i inne zgodnie z wytycznymi CKE Rozwi\u0105zuj zadania Zadania krok po&#8230;<\/p>\n","protected":false},"author":1,"featured_media":0,"parent":0,"menu_order":0,"comment_status":"closed","ping_status":"closed","template":"","meta":{"_kad_post_transparent":"default","_kad_post_title":"hide","_kad_post_layout":"fullwidth","_kad_post_sidebar_id":"","_kad_post_content_style":"default","_kad_post_vertical_padding":"show","_kad_post_feature":"","_kad_post_feature_position":"","_kad_post_header":false,"_kad_post_footer":false,"_kad_post_classname":"","footnotes":""},"class_list":["post-7","page","type-page","status-publish","hentry"],"_links":{"self":[{"href":"https:\/\/oblicztosam.pl\/index.php?rest_route=\/wp\/v2\/pages\/7","targetHints":{"allow":["GET"]}}],"collection":[{"href":"https:\/\/oblicztosam.pl\/index.php?rest_route=\/wp\/v2\/pages"}],"about":[{"href":"https:\/\/oblicztosam.pl\/index.php?rest_route=\/wp\/v2\/types\/page"}],"author":[{"embeddable":true,"href":"https:\/\/oblicztosam.pl\/index.php?rest_route=\/wp\/v2\/users\/1"}],"replies":[{"embeddable":true,"href":"https:\/\/oblicztosam.pl\/index.php?rest_route=%2Fwp%2Fv2%2Fcomments&post=7"}],"version-history":[{"count":37,"href":"https:\/\/oblicztosam.pl\/index.php?rest_route=\/wp\/v2\/pages\/7\/revisions"}],"predecessor-version":[{"id":57,"href":"https:\/\/oblicztosam.pl\/index.php?rest_route=\/wp\/v2\/pages\/7\/revisions\/57"}],"wp:attachment":[{"href":"https:\/\/oblicztosam.pl\/index.php?rest_route=%2Fwp%2Fv2%2Fmedia&parent=7"}],"curies":[{"name":"wp","href":"https:\/\/api.w.org\/{rel}","templated":true}]}}